{"id":152,"date":"2025-12-21T18:45:43","date_gmt":"2025-12-21T21:45:43","guid":{"rendered":"https:\/\/casacarn.com.ar\/casacarn\/?page_id=152"},"modified":"2025-12-30T23:00:00","modified_gmt":"2025-12-31T02:00:00","slug":"faqs","status":"publish","type":"page","link":"https:\/\/casacarn.com.ar\/casacarn\/faqs\/","title":{"rendered":"FAQs"},"content":{"rendered":"<p>[et_pb_section fb_built=&#8221;1&#8243; _builder_version=&#8221;4.27.5&#8243; _module_preset=&#8221;default&#8221; background_image=&#8221;https:\/\/casacarn.com.ar\/casacarn\/wp-content\/uploads\/2025\/12\/Presenta-CASACA-2.jpg&#8221; custom_padding=&#8221;163px||146px|||&#8221; global_colors_info=&#8221;{}&#8221;][et_pb_row _builder_version=&#8221;4.27.5&#8243; _module_preset=&#8221;default&#8221; global_colors_info=&#8221;{}&#8221;][et_pb_column type=&#8221;4_4&#8243; _builder_version=&#8221;4.27.5&#8243; _module_preset=&#8221;default&#8221; global_colors_info=&#8221;{}&#8221;][et_pb_text _builder_version=&#8221;4.27.5&#8243; _module_preset=&#8221;abe15537-a205-41f8-9025-7356e956fa93&#8243; header_font=&#8221;||||||||&#8221; header_3_font=&#8221;Syncopate|700||on|||||&#8221; header_3_text_color=&#8221;#000000&#8243; header_3_font_size=&#8221;26px&#8221; header_3_line_height=&#8221;1.2em&#8221; header_3_font_size_tablet=&#8221;20px&#8221; header_3_font_size_phone=&#8221;16px&#8221; header_3_font_size_last_edited=&#8221;on|desktop&#8221; locked=&#8221;off&#8221; global_colors_info=&#8221;{}&#8221;]<\/p>\n<h3 style=\"text-align: center;\"><span style=\"color: #ffffff;\">PREGUNTAS FRECUENTES<\/span><\/h3>\n<p>[\/et_pb_text][et_pb_toggle title=&#8221;\u00bfC\u00f3mo voto y c\u00f3mo me registro?&#8221; open_toggle_text_color=&#8221;#000000&#8243; open_toggle_background_color=&#8221;#FFFFFF&#8221; closed_toggle_background_color=&#8221;#FFFFFF&#8221; icon_color=&#8221;#E09900&#8243; open_icon_color=&#8221;#E09900&#8243; _builder_version=&#8221;4.27.5&#8243; _module_preset=&#8221;default&#8221; title_text_color=&#8221;#000000&#8243; title_font=&#8221;Syncopate|700||on|||||&#8221; title_font_size=&#8221;21px&#8221; global_colors_info=&#8221;{}&#8221;]<\/p>\n<ul>\n<li style=\"font-weight: 400;\" aria-level=\"1\"><span style=\"font-weight: 400;\">Si ya ten\u00e9s cuenta en BetSur: vot\u00e1s y ya est\u00e1s participando.<\/span><\/li>\n<li style=\"font-weight: 400;\" aria-level=\"1\"><span style=\"font-weight: 400;\">Si no ten\u00e9s cuenta en BetSur: registrate <a href=\"https:\/\/betsur.bet.ar\/\" target=\"_blank\" rel=\"noopener\"><span style=\"color: #ff9900;\"><strong>ac\u00e1 gratis<\/strong><\/span>.<\/a> Hac\u00e9s clic, cre\u00e1s tu cuenta en un minuto y despu\u00e9s volv\u00e9s para votar con tu DNI. F\u00e1cil. <\/span><span style=\"font-weight: 400;\"><\/span><\/li>\n<\/ul>\n<p><span style=\"font-weight: 400;\">As\u00ed de simple. Sin vueltas y totalmente gratis.\u00a0<\/span><\/p>\n<p>[\/et_pb_toggle][et_pb_toggle title=&#8221;\u00bfC\u00f3mo funciona la competencia?&#8221; open_toggle_text_color=&#8221;#000000&#8243; open_toggle_background_color=&#8221;#FFFFFF&#8221; closed_toggle_background_color=&#8221;#FFFFFF&#8221; icon_color=&#8221;#E09900&#8243; open_icon_color=&#8221;#E09900&#8243; _builder_version=&#8221;4.27.5&#8243; _module_preset=&#8221;default&#8221; title_text_color=&#8221;#000000&#8243; title_font=&#8221;Syncopate|700||on|||||&#8221; title_font_size=&#8221;21px&#8221; global_colors_info=&#8221;{}&#8221;]<\/p>\n<p><span style=\"font-weight: 400;\">Todos votan qu\u00e9 equipo quieren ver con la nueva casaca profesional. Cada persona tiene un voto. Los cinco m\u00e1s votados juegan la Final CASACA, una definici\u00f3n especial de penales sin arquero.\u00a0 El que la gana\u2026 se lleva la Casaca y todo el premio.<\/span><\/p>\n<p>[\/et_pb_toggle][et_pb_toggle title=&#8221;\u00bfCu\u00e1ndo se juega la final?&#8221; open_toggle_text_color=&#8221;#000000&#8243; open_toggle_background_color=&#8221;#FFFFFF&#8221; closed_toggle_background_color=&#8221;#FFFFFF&#8221; icon_color=&#8221;#E09900&#8243; open_icon_color=&#8221;#E09900&#8243; _builder_version=&#8221;4.27.5&#8243; _module_preset=&#8221;default&#8221; title_text_color=&#8221;#000000&#8243; title_font=&#8221;Syncopate|700||on|||||&#8221; title_font_size=&#8221;21px&#8221; hover_enabled=&#8221;0&#8243; global_colors_info=&#8221;{}&#8221; sticky_enabled=&#8221;0&#8243;]<\/p>\n<p><span style=\"font-weight: 400;\">A\u00fan no hay fecha confirmada. Lo publicaremos en esta p\u00e1gina y en las redes de BetSur. Est\u00e9n atentos.<\/span><\/p>\n<p>[\/et_pb_toggle][et_pb_toggle title=&#8221; \u00bfQu\u00e9 gana el equipo elegido?&#8221; open_toggle_text_color=&#8221;#000000&#8243; open_toggle_background_color=&#8221;#FFFFFF&#8221; closed_toggle_background_color=&#8221;#FFFFFF&#8221; icon_color=&#8221;#E09900&#8243; open_icon_color=&#8221;#E09900&#8243; _builder_version=&#8221;4.27.5&#8243; _module_preset=&#8221;default&#8221; title_text_color=&#8221;#000000&#8243; title_font=&#8221;Syncopate|700||on|||||&#8221; title_font_size=&#8221;21px&#8221; global_colors_info=&#8221;{}&#8221;]<\/p>\n<p><span style=\"font-weight: 400;\">El equipo campe\u00f3n recibe:<\/span><\/p>\n<ul>\n<li style=\"font-weight: 400;\" aria-level=\"1\"><span style=\"font-weight: 400;\">Indumentaria profesional completa (dos juegos de camisetas, arqueros, rompevientos, pecheras, chombas, medias y m\u00e1s).<\/span><\/li>\n<li style=\"font-weight: 400;\" aria-level=\"1\"><span style=\"font-weight: 400;\">Pelotas oficiales y accesorios.<\/span><\/li>\n<li style=\"font-weight: 400;\" aria-level=\"1\"><span style=\"font-weight: 400;\">Gorras, stickers y materiales personalizados.<\/span><\/li>\n<\/ul>\n<p><span style=\"font-weight: 400;\">Cobertura profesional de toda la temporada: reels, entrevistas, res\u00famenes y presencia de BetSur en cada aparici\u00f3n.<\/span><span style=\"font-weight: 400;\"><br \/><\/span><\/p>\n<p>[\/et_pb_toggle][\/et_pb_column][\/et_pb_row][\/et_pb_section]<\/p>\n","protected":false},"excerpt":{"rendered":"<p>PREGUNTAS FRECUENTES Si ya ten\u00e9s cuenta en BetSur: vot\u00e1s y ya est\u00e1s participando. Si no ten\u00e9s cuenta en BetSur: registrate ac\u00e1 gratis. Hac\u00e9s clic, cre\u00e1s tu cuenta en un minuto y despu\u00e9s volv\u00e9s para votar con tu DNI. F\u00e1cil. As\u00ed de simple. Sin vueltas y totalmente gratis.\u00a0Todos votan qu\u00e9 equipo quieren ver con la nueva [&hellip;]<\/p>\n","protected":false},"author":1,"featured_media":0,"parent":0,"menu_order":0,"comment_status":"closed","ping_status":"closed","template":"","meta":{"_et_pb_use_builder":"on","_et_pb_old_content":"","_et_gb_content_width":"","footnotes":""},"class_list":["post-152","page","type-page","status-publish","hentry"],"_links":{"self":[{"href":"https:\/\/casacarn.com.ar\/casacarn\/wp-json\/wp\/v2\/pages\/152","targetHints":{"allow":["GET"]}}],"collection":[{"href":"https:\/\/casacarn.com.ar\/casacarn\/wp-json\/wp\/v2\/pages"}],"about":[{"href":"https:\/\/casacarn.com.ar\/casacarn\/wp-json\/wp\/v2\/types\/page"}],"author":[{"embeddable":true,"href":"https:\/\/casacarn.com.ar\/casacarn\/wp-json\/wp\/v2\/users\/1"}],"replies":[{"embeddable":true,"href":"https:\/\/casacarn.com.ar\/casacarn\/wp-json\/wp\/v2\/comments?post=152"}],"version-history":[{"count":7,"href":"https:\/\/casacarn.com.ar\/casacarn\/wp-json\/wp\/v2\/pages\/152\/revisions"}],"predecessor-version":[{"id":284,"href":"https:\/\/casacarn.com.ar\/casacarn\/wp-json\/wp\/v2\/pages\/152\/revisions\/284"}],"wp:attachment":[{"href":"https:\/\/casacarn.com.ar\/casacarn\/wp-json\/wp\/v2\/media?parent=152"}],"curies":[{"name":"wp","href":"https:\/\/api.w.org\/{rel}","templated":true}]}}