{"id":6,"date":"2025-12-08T16:51:52","date_gmt":"2025-12-08T19:51:52","guid":{"rendered":"https:\/\/casacarn.com.ar\/casacarn\/?page_id=6"},"modified":"2026-02-02T00:16:35","modified_gmt":"2026-02-02T03:16:35","slug":"home","status":"publish","type":"page","link":"https:\/\/casacarn.com.ar\/casacarn\/home\/","title":{"rendered":"Home"},"content":{"rendered":"<p>[et_pb_section fb_built=&#8221;1&#8243; admin_label=&#8221;Header&#8221; _builder_version=&#8221;4.27.5&#8243; _module_preset=&#8221;default&#8221; background_color=&#8221;#18212a&#8221; use_background_color_gradient=&#8221;on&#8221; background_color_gradient_stops=&#8221;#18212a 0%|rgba(24,33,42,0.43) 100%&#8221; background_color_gradient_overlays_image=&#8221;on&#8221; background_image=&#8221;https:\/\/casacarn.com.ar\/casacarn\/wp-content\/uploads\/2026\/01\/WhatsApp-Image-2026-01-09-at-16.08.45-1.jpeg&#8221; custom_margin=&#8221;||1px||false|false&#8221; custom_padding=&#8221;||0px|||&#8221; locked=&#8221;off&#8221; global_colors_info=&#8221;{}&#8221;][et_pb_row _builder_version=&#8221;4.16&#8243; _module_preset=&#8221;default&#8221; max_width=&#8221;none&#8221; custom_margin=&#8221;54px|auto|-3px|auto||&#8221; custom_padding=&#8221;||211px|||&#8221; global_colors_info=&#8221;{}&#8221;][et_pb_column type=&#8221;4_4&#8243; _builder_version=&#8221;4.16&#8243; _module_preset=&#8221;default&#8221; global_colors_info=&#8221;{}&#8221;][et_pb_image src=&#8221;https:\/\/casacarn.com.ar\/casacarn\/wp-content\/uploads\/2025\/12\/LOGO-casaca.png&#8221; title_text=&#8221;LOGO casaca&#8221; align=&#8221;center&#8221; _builder_version=&#8221;4.27.5&#8243; _module_preset=&#8221;default&#8221; custom_margin=&#8221;||2px|||&#8221; global_colors_info=&#8221;{}&#8221;][\/et_pb_image][et_pb_text _builder_version=&#8221;4.27.5&#8243; _module_preset=&#8221;77bd6224-541c-4dfa-aa0c-4832456a9557&#8243; header_font=&#8221;Montserrat|900|on|on|||||&#8221; header_text_color=&#8221;#ffe100&#8243; header_font_size=&#8221;4vw&#8221; header_line_height=&#8221;0.7em&#8221; text_orientation=&#8221;center&#8221; custom_margin=&#8221;59px||42px|||&#8221; header_font_size_tablet=&#8221;&#8221; header_font_size_phone=&#8221;&#8221; header_font_size_last_edited=&#8221;on|tablet&#8221; global_colors_info=&#8221;{%22gcid-5fba0126-308f-4f42-aa94-6c5d80831bca%22:%91%93}&#8221;]<\/p>\n<h1><span style=\"color: #ffffff;\">DONDE NACE LA PASI\u00d3N<\/span><\/h1>\n<p>[\/et_pb_text][\/et_pb_column][\/et_pb_row][\/et_pb_section][et_pb_section fb_built=&#8221;1&#8243; _builder_version=&#8221;4.27.5&#8243; _module_preset=&#8221;default&#8221; background_enable_color=&#8221;off&#8221; background_enable_image=&#8221;off&#8221; custom_padding=&#8221;49px|||||&#8221; locked=&#8221;off&#8221; global_colors_info=&#8221;{}&#8221;][et_pb_row use_custom_gutter=&#8221;on&#8221; _builder_version=&#8221;4.27.5&#8243; _module_preset=&#8221;default&#8221; width=&#8221;100%&#8221; width_tablet=&#8221;100%&#8221; width_phone=&#8221;90%&#8221; width_last_edited=&#8221;on|phone&#8221; max_width=&#8221;1700px&#8221; custom_padding=&#8221;||0px|||&#8221; global_colors_info=&#8221;{}&#8221;][et_pb_column type=&#8221;4_4&#8243; _builder_version=&#8221;4.27.5&#8243; _module_preset=&#8221;default&#8221; global_colors_info=&#8221;{}&#8221;][et_pb_text _builder_version=&#8221;4.27.5&#8243; _module_preset=&#8221;abe15537-a205-41f8-9025-7356e956fa93&#8243; text_text_color=&#8221;#000000&#8243; header_font=&#8221;||||||||&#8221; header_3_font=&#8221;Syncopate|700||on|||||&#8221; header_3_text_color=&#8221;#FFFFFF&#8221; header_3_font_size=&#8221;26px&#8221; header_3_line_height=&#8221;1.2em&#8221; header_3_font_size_tablet=&#8221;20px&#8221; header_3_font_size_phone=&#8221;16px&#8221; header_3_font_size_last_edited=&#8221;on|desktop&#8221; global_colors_info=&#8221;{}&#8221;]<\/p>\n<h3 style=\"text-align: center;\"><span style=\"color: #ff6600;\">Ac\u00e1 empieza tu jugada. BetSur te invita a elegir qu\u00e9 equipo va a vestir la nueva casaca y jugar como un profesional dentro del torneo 300 For Ever.<\/span><\/h3>\n<p>[\/et_pb_text][et_pb_text _builder_version=&#8221;4.27.5&#8243; _module_preset=&#8221;abe15537-a205-41f8-9025-7356e956fa93&#8243; header_font=&#8221;||||||||&#8221; header_3_font=&#8221;Syncopate|700||on|||||&#8221; header_3_text_color=&#8221;#000000&#8243; header_3_font_size=&#8221;26px&#8221; header_3_line_height=&#8221;1.2em&#8221; header_3_font_size_tablet=&#8221;20px&#8221; header_3_font_size_phone=&#8221;16px&#8221; header_3_font_size_last_edited=&#8221;on|desktop&#8221; locked=&#8221;off&#8221; global_colors_info=&#8221;{}&#8221;]<\/p>\n<h3 style=\"text-align: center;\"><b>SI YA EST\u00c1S REGISTRADO EN BETSUR.BET.AR VOT\u00c1 A TU EQUIPO FAVORITO:<\/b><\/h3>\n<h3 style=\"text-align: center;\"><\/h3>\n<p>[\/et_pb_text][\/et_pb_column][\/et_pb_row][\/et_pb_section][et_pb_section fb_built=&#8221;1&#8243; _builder_version=&#8221;4.27.5&#8243; _module_preset=&#8221;default&#8221; background_color=&#8221;#18212a&#8221; use_background_color_gradient=&#8221;on&#8221; background_color_gradient_stops=&#8221;rgba(24,33,42,0.95) 0%|rgba(24,33,42,0.9) 99%&#8221; background_color_gradient_overlays_image=&#8221;on&#8221; background_image=&#8221;https:\/\/casacarn.com.ar\/casacarn\/wp-content\/uploads\/2025\/12\/Casaca-cancha-2-08.png&#8221; parallax=&#8221;on&#8221; custom_padding=&#8221;||43px|||&#8221; global_colors_info=&#8221;{}&#8221;][et_pb_row _builder_version=&#8221;4.27.5&#8243; _module_preset=&#8221;default&#8221; global_colors_info=&#8221;{}&#8221;][et_pb_column type=&#8221;4_4&#8243; _builder_version=&#8221;4.27.5&#8243; _module_preset=&#8221;default&#8221; global_colors_info=&#8221;{}&#8221;][et_pb_text _builder_version=&#8221;4.27.5&#8243; _module_preset=&#8221;abe15537-a205-41f8-9025-7356e956fa93&#8243; header_font=&#8221;||||||||&#8221; header_3_font=&#8221;Syncopate|700||on|||||&#8221; header_3_text_color=&#8221;#000000&#8243; header_3_font_size=&#8221;26px&#8221; header_3_line_height=&#8221;1.2em&#8221; header_3_font_size_tablet=&#8221;20px&#8221; header_3_font_size_phone=&#8221;16px&#8221; header_3_font_size_last_edited=&#8221;on|desktop&#8221; locked=&#8221;off&#8221; global_colors_info=&#8221;{}&#8221;]<\/p>\n<h3 style=\"text-align: center;\"><span style=\"color: #ffffff;\"><b>Para poder participar ten\u00e9s que estar <\/b><\/span><\/h3>\n<h3 style=\"text-align: center;\"><span style=\"color: #ffffff;\"><b>registrado en <span style=\"color: #e09900;\">betsur.bet.ar<\/span>\u00a0<\/b><\/span><\/h3>\n<p>[\/et_pb_text][et_pb_button button_url=&#8221;https:\/\/betsur.bet.ar?code=FHEP9M00001&#8243; button_text=&#8221;REGISTRATE AQU\u00cd&#8221; button_alignment=&#8221;center&#8221; _builder_version=&#8221;4.27.5&#8243; _module_preset=&#8221;default&#8221; custom_button=&#8221;on&#8221; button_text_size=&#8221;16px&#8221; button_text_color=&#8221;#FFFFFF&#8221; button_bg_color=&#8221;#E09900&#8243; button_border_width=&#8221;0px&#8221; button_border_radius=&#8221;0px&#8221; button_font=&#8221;Syncopate|700|||||||&#8221; button_use_icon=&#8221;off&#8221; background_layout=&#8221;dark&#8221; custom_padding=&#8221;|100px||100px|false|false&#8221; global_colors_info=&#8221;{}&#8221;][\/et_pb_button][et_pb_text _builder_version=&#8221;4.27.5&#8243; _module_preset=&#8221;afe8fc41-dc70-4bf1-b625-17644c79cbc3&#8243; text_font=&#8221;||||||||&#8221; text_text_color=&#8221;#000000&#8243; text_font_size=&#8221;16px&#8221; text_line_height=&#8221;2.2em&#8221; text_orientation=&#8221;center&#8221; max_width=&#8221;800px&#8221; module_alignment=&#8221;center&#8221; text_font_size_tablet=&#8221;15px&#8221; text_font_size_phone=&#8221;14px&#8221; text_font_size_last_edited=&#8221;on|desktop&#8221; locked=&#8221;off&#8221; global_colors_info=&#8221;{}&#8221;]<\/p>\n<p><span style=\"color: #ffffff;\">Si no est\u00e1s registrado en BETSUR tu vot\u00f3 quedar\u00e1 anulado. <br \/>El resultado final ser\u00e1 determinado en base a la validaci\u00f3n de votos v\u00e1lidos registrados en el sistema de control, pudiendo invalidarse aquellos que no cumplan con las condiciones.<\/span><\/p>\n<p>&nbsp;<\/p>\n<p>[\/et_pb_text][\/et_pb_column][\/et_pb_row][\/et_pb_section]<\/p>\n","protected":false},"excerpt":{"rendered":"<p>DONDE NACE LA PASI\u00d3NAc\u00e1 empieza tu jugada. BetSur te invita a elegir qu\u00e9 equipo va a vestir la nueva casaca y jugar como un profesional dentro del torneo 300 For Ever.SI YA EST\u00c1S REGISTRADO EN BETSUR.BET.AR VOT\u00c1 A TU EQUIPO FAVORITO: Para poder participar ten\u00e9s que estar registrado en betsur.bet.ar\u00a0Si no est\u00e1s registrado en BETSUR [&hellip;]<\/p>\n","protected":false},"author":1,"featured_media":0,"parent":0,"menu_order":0,"comment_status":"closed","ping_status":"closed","template":"","meta":{"_et_pb_use_builder":"on","_et_pb_old_content":"","_et_gb_content_width":"","footnotes":""},"class_list":["post-6","page","type-page","status-publish","hentry"],"_links":{"self":[{"href":"https:\/\/casacarn.com.ar\/casacarn\/wp-json\/wp\/v2\/pages\/6","targetHints":{"allow":["GET"]}}],"collection":[{"href":"https:\/\/casacarn.com.ar\/casacarn\/wp-json\/wp\/v2\/pages"}],"about":[{"href":"https:\/\/casacarn.com.ar\/casacarn\/wp-json\/wp\/v2\/types\/page"}],"author":[{"embeddable":true,"href":"https:\/\/casacarn.com.ar\/casacarn\/wp-json\/wp\/v2\/users\/1"}],"replies":[{"embeddable":true,"href":"https:\/\/casacarn.com.ar\/casacarn\/wp-json\/wp\/v2\/comments?post=6"}],"version-history":[{"count":65,"href":"https:\/\/casacarn.com.ar\/casacarn\/wp-json\/wp\/v2\/pages\/6\/revisions"}],"predecessor-version":[{"id":396,"href":"https:\/\/casacarn.com.ar\/casacarn\/wp-json\/wp\/v2\/pages\/6\/revisions\/396"}],"wp:attachment":[{"href":"https:\/\/casacarn.com.ar\/casacarn\/wp-json\/wp\/v2\/media?parent=6"}],"curies":[{"name":"wp","href":"https:\/\/api.w.org\/{rel}","templated":true}]}}